{"id":51,"date":"2018-10-20T15:17:19","date_gmt":"2018-10-20T15:17:19","guid":{"rendered":"http:\/\/willisfahrradladen.de\/?page_id=51"},"modified":"2020-03-20T21:07:30","modified_gmt":"2020-03-20T21:07:30","slug":"widerrufsbelehrung","status":"publish","type":"page","link":"https:\/\/willisfahrradladen.de\/?page_id=51","title":{"rendered":"Widerrufsbelehrung"},"content":{"rendered":"\n<h2 class=\"wp-block-heading\">Widerrufsrecht und Kundendienst<\/h2>\n\n\n\n<p><strong>Widerrufsbelehrung<br><br><\/strong>Widerrufsrecht<br>Sie haben das Recht, binnen vierzehn Tagen ohne Angabe von Gr\u00fcnden diesen Vertrag zu widerrufen.<br><br>Die Widerrufsfrist betr\u00e4gt vierzehn Tage ab dem Tag,&nbsp;<strong><br><\/strong><\/p>\n\n\n\n<ul class=\"wp-block-list\"><li>Im Falle eines Kaufvertrags: an dem Sie oder ein von Ihnen benannter Dritter, der nicht der Bef\u00f6rderer ist, die letzte Ware in Besitz genommen haben bzw. hat.<\/li><li>Im Falle einer Vertrags \u00fcber mehrere Waren, die der Verbraucher im Rahmen einer einheitlichen Bestellung bestellt hat und die getrennt geliefert werden: an dem Sie oder ein von Ihnen benannter Dritter, der nicht Bef\u00f6rderer ist, die letzte Ware in Besitz genommen haben bzw. hat.<\/li><li>Im Falle eines Vertrags \u00fcber die Lieferung einer Ware in mehreren Teilsendungen oder St\u00fccken: an dem Sie oder ein von Ihnen benannter Dritter, der nicht Bef\u00f6rderer ist, die letzte Teilsendung oder das letzte St\u00fcck in Besitz genommen haben bzw. hat.<\/li><li>Im Falle eines Vertrages zur regelm\u00e4\u00dfigen Lieferung von Waren \u00fcber einen festgelegten Zeitraum hinweg: an dem Sie oder ein von Ihnen benannter Dritter, der nicht Bef\u00f6rderer ist, die erste Ware in Besitz genommen haben bzw. hat.<\/li><\/ul>\n\n\n\n<p>Um Ihr Widerrufsrecht auszu\u00fcben, m\u00fcssen Sie uns (Willis Fahrradladen, Wilfried Brouwer, M\u00fchlenstra\u00dfe 2 26316 Varel 04451-82738 willisfahrradladen@ewetel.net) mittels einer eindeutigen Erkl\u00e4rung (z.B. ein mit der Post versandter Brief, Telefax, oder E-Mail) \u00fcber Ihren Entschluss, diesen Vertrag zu widerrufen, informieren. Sie k\u00f6nnen daf\u00fcr das beigef\u00fcgte Muster-Widerrufsformular verwenden, das jedoch nicht vorgeschrieben ist.<\/p>\n\n\n\n<p>Zur Wahrung der Widerrufsfrist reicht es aus, dass Sie die Mitteilung \u00fcber die Aus\u00fcbung des Widerrufsrechts vor Ablauf der Widerrufsfrist absenden.<\/p>\n\n\n\n<p>Folgen des Widerrufs<\/p>\n\n\n\n<p>Wenn Sie diesen Vertag widerrufen, haben wir Ihnen alle Zahlungen, die wir von Ihnen erhalten haben, einschlie\u00dflich der Lieferkosten (mit Ausnahmen der zus\u00e4tzlichen Kosten, die sich daraus ergeben, dass Sie einer andere Art der Lieferung als die von uns angebotene, g\u00fcnstige Standardlieferung gew\u00e4hlt haben), unverz\u00fcglich und sp\u00e4testens binnen vierzehn Tagen ab dem Tag zur\u00fcckzuzahlen, an dem die Mitteilung \u00fcber Ihren Widerruf dieses Vertrags bei uns eingegangen ist. F\u00fcr diese R\u00fcckzahlung verwenden wir dasselbe Zahlungsmittel, das Sie bei der urspr\u00fcnglichen Transaktion eingesetzt haben, es sei denn, mit Ihnen wurde ausdr\u00fccklich etwas anderes vereinbart; in keinem Fall werden Ihnen wegen dieser R\u00fcckzahlung Entgelte berechnet. Wir k\u00f6nnen die R\u00fcckzahlung verweigern, bis wir die Waren wieder zur\u00fcckerhalten haben oder bis Sie den Nachweis erbracht haben, dass Sie die Waren zur\u00fcckgesandt haben, je nachdem, welches der fr\u00fchere Zeitpunkt ist.<\/p>\n\n\n\n<p>Sie haben die Waren unverz\u00fcglich und in jedem Fall sp\u00e4testens binnen vierzehn Tagen ab dem Tag, an dem Sie uns \u00fcber den Widerruf dieses Vertrags unterrichten, an Willis Fahrradladen, Wilfried Brouwer, M\u00fchlenstra\u00dfe 2 26316 Varel 04451-82738 willisfahrradladen@ewetel.net uns zur\u00fcckzusenden oder zu \u00fcbergeben. Die Frist ist gewahrt, wenn Sie die Waren vor Ablauf der Frist von vierzehn Tagen absenden.<\/p>\n\n\n\n<p>Sie tragen die unmittelbaren Kosten der R\u00fccksendung der Waren.<\/p>\n\n\n\n<p>Sie m\u00fcssen f\u00fcr einen etwaigen Wertverlust der Waren nur aufkommen, wenn dieser Wertverlust auf einen zur Pr\u00fcfung der Beschaffenheit, Eigenschaften und Funktionsweise der Waren nicht notwendigen Umgang mit ihnen zur\u00fcckzuf\u00fchren ist.<\/p>\n\n\n\n<p><strong>Ende der Widerrufsbelehrung<\/strong><\/p>\n","protected":false},"excerpt":{"rendered":"<p>Widerrufsrecht und Kundendienst Widerrufsbelehrung WiderrufsrechtSie haben das Recht, binnen vierzehn Tagen ohne Angabe von Gr\u00fcnden diesen Vertrag zu widerrufen. Die Widerrufsfrist betr\u00e4gt vierzehn Tage ab dem Tag,&nbsp; Im Falle eines Kaufvertrags: an dem Sie oder ein von Ihnen benannter Dritter, der nicht der Bef\u00f6rderer ist, die letzte Ware in Besitz genommen haben bzw. hat. Im [&hellip;]<\/p>\n","protected":false},"author":1,"featured_media":0,"parent":0,"menu_order":0,"comment_status":"closed","ping_status":"closed","template":"","meta":{"footnotes":""},"class_list":["post-51","page","type-page","status-publish","hentry"],"jetpack_sharing_enabled":true,"jetpack_shortlink":"https:\/\/wp.me\/PannTv-P","_links":{"self":[{"href":"https:\/\/willisfahrradladen.de\/index.php?rest_route=\/wp\/v2\/pages\/51","targetHints":{"allow":["GET"]}}],"collection":[{"href":"https:\/\/willisfahrradladen.de\/index.php?rest_route=\/wp\/v2\/pages"}],"about":[{"href":"https:\/\/willisfahrradladen.de\/index.php?rest_route=\/wp\/v2\/types\/page"}],"author":[{"embeddable":true,"href":"https:\/\/willisfahrradladen.de\/index.php?rest_route=\/wp\/v2\/users\/1"}],"replies":[{"embeddable":true,"href":"https:\/\/willisfahrradladen.de\/index.php?rest_route=%2Fwp%2Fv2%2Fcomments&post=51"}],"version-history":[{"count":5,"href":"https:\/\/willisfahrradladen.de\/index.php?rest_route=\/wp\/v2\/pages\/51\/revisions"}],"predecessor-version":[{"id":282,"href":"https:\/\/willisfahrradladen.de\/index.php?rest_route=\/wp\/v2\/pages\/51\/revisions\/282"}],"wp:attachment":[{"href":"https:\/\/willisfahrradladen.de\/index.php?rest_route=%2Fwp%2Fv2%2Fmedia&parent=51"}],"curies":[{"name":"wp","href":"https:\/\/api.w.org\/{rel}","templated":true}]}}